{"id":25624,"date":"2023-10-09T15:39:40","date_gmt":"2023-10-09T15:39:40","guid":{"rendered":"https:\/\/www.gas-electricity-news.com\/bild-v4\/"},"modified":"2024-11-04T11:50:21","modified_gmt":"2024-11-04T11:50:21","slug":"bild-v4","status":"publish","type":"page","link":"https:\/\/www.gas-electricity-news.com\/nl\/","title":{"rendered":"Home"},"content":{"rendered":"\n<div class=\"wp-block-cover banner\" style=\"min-height:100vh;aspect-ratio:unset;\"><span aria-hidden=\"true\" class=\"wp-block-cover__background has-black-background-color has-background-dim-0 has-background-dim\"><\/span><img loading=\"lazy\" decoding=\"async\" width=\"1920\" height=\"910\" class=\"wp-block-cover__image-background wp-image-25702\" alt=\"Nieuwe innovaties in de energiesector\" src=\"https:\/\/www.gas-electricity-news.com\/wp-content\/uploads\/2024\/11\/Nieuwe-innovaties-in-de-energiesector.webp\" data-object-fit=\"cover\" srcset=\"https:\/\/www.gas-electricity-news.com\/wp-content\/uploads\/2024\/11\/Nieuwe-innovaties-in-de-energiesector.webp 1920w, https:\/\/www.gas-electricity-news.com\/wp-content\/uploads\/2024\/11\/Nieuwe-innovaties-in-de-energiesector-300x142.webp 300w, https:\/\/www.gas-electricity-news.com\/wp-content\/uploads\/2024\/11\/Nieuwe-innovaties-in-de-energiesector-1024x485.webp 1024w, https:\/\/www.gas-electricity-news.com\/wp-content\/uploads\/2024\/11\/Nieuwe-innovaties-in-de-energiesector-768x364.webp 768w, https:\/\/www.gas-electricity-news.com\/wp-content\/uploads\/2024\/11\/Nieuwe-innovaties-in-de-energiesector-1536x728.webp 1536w\" sizes=\"auto, (max-width: 1920px) 100vw, 1920px\"><div class=\"wp-block-cover__inner-container is-layout-constrained wp-block-cover-is-layout-constrained\">\n<div class=\"wp-block-group container is-vertical is-content-justification-center is-layout-flex wp-container-core-group-is-layout-4b2eccd6 wp-block-group-is-layout-flex\">\n<h1 class=\"wp-block-heading has-text-align-center banner-title animated fadeInUp container\" style=\"font-size:65px\">Nieuwe innovaties in de energiesector<\/h1>\n\n\n\n<div style=\"height:0px\" aria-hidden=\"true\" class=\"wp-block-spacer wp-container-content-62aae154\"><\/div>\n\n\n\n<p class=\"has-text-align-center animated fadeInUp delay-500ms container has-text-color\" style=\"color:#e1a709;font-size:18px\">Hernieuwbare energiebronnen opnieuw uitvinden en optimaliseren voor een duurzame toekomst voor mens en planeet<\/p>\n<\/div>\n<\/div><\/div>\n\n\n\n<div style=\"height:100px\" aria-hidden=\"true\" class=\"wp-block-spacer\"><\/div>\n\n\n\n<div class=\"wp-block-group b1 is-vertical is-content-justification-center is-layout-flex wp-container-core-group-is-layout-4b2eccd6 wp-block-group-is-layout-flex\">\n<h2 class=\"wp-block-heading has-text-align-center has-text-color\" style=\"color:#323335;font-size:35px\">De grondbeginselen van elektriciteit: essenti\u00eble concepten<\/h2>\n\n\n\n<div style=\"height:0px\" aria-hidden=\"true\" class=\"wp-block-spacer wp-container-content-42c95ffb\"><\/div>\n\n\n\n<hr class=\"wp-block-separator has-alpha-channel-opacity\">\n\n\n\n<div style=\"height:0px\" aria-hidden=\"true\" class=\"wp-block-spacer wp-container-content-c00f5982\"><\/div>\n\n\n\n<p class=\"has-text-align-center b2-txt\" style=\"font-size:14px\">Verken de fundamentele principes van groene elektriciteit, waaronder hernieuwbare bronnen, energie-effici\u00ebntie en duurzaamheid, die de manier veranderen waarop we energie produceren en verbruiken voor een groenere toekomst.<\/p>\n\n\n\n<div style=\"height:0px\" aria-hidden=\"true\" class=\"wp-block-spacer wp-container-content-cf2db169\"><\/div>\n<\/div>\n\n\n\n<div class=\"wp-block-columns container b2 is-layout-flex wp-container-core-columns-is-layout-9d6595d7 wp-block-columns-is-layout-flex\">\n<div class=\"wp-block-column block2-col is-layout-flow wp-block-column-is-layout-flow\">\n<figure class=\"wp-block-image size-full\"><img loading=\"lazy\" decoding=\"async\" width=\"450\" height=\"325\" src=\"https:\/\/www.gas-electricity-news.com\/wp-content\/uploads\/2024\/11\/Soorten-elektriciteit.webp\" alt=\"Soorten elektriciteit\" class=\"wp-image-25706\" srcset=\"https:\/\/www.gas-electricity-news.com\/wp-content\/uploads\/2024\/11\/Soorten-elektriciteit.webp 450w, https:\/\/www.gas-electricity-news.com\/wp-content\/uploads\/2024\/11\/Soorten-elektriciteit-300x217.webp 300w\" sizes=\"auto, (max-width: 450px) 100vw, 450px\"><\/figure>\n\n\n\n<div style=\"height:20px\" aria-hidden=\"true\" class=\"wp-block-spacer\"><\/div>\n\n\n\n<h3 class=\"wp-block-heading has-text-align-center has-text-color\" style=\"color:#323335;font-size:17px\">Soorten elektriciteit  <\/h3>\n\n\n\n<p class=\"has-text-align-center\">Ontdek de verschillende vormen van elektriciteit, zoals wisselstroom, gelijkstroom en hernieuwbare energie.  <\/p>\n<\/div>\n\n\n\n<div class=\"wp-block-column block2-col is-layout-flow wp-block-column-is-layout-flow\">\n<figure class=\"wp-block-image size-full\"><img loading=\"lazy\" decoding=\"async\" width=\"450\" height=\"325\" src=\"https:\/\/www.gas-electricity-news.com\/wp-content\/uploads\/2024\/11\/Het-elektriciteitsverbruik-meten.webp\" alt=\"Het elektriciteitsverbruik meten\" class=\"wp-image-25694\" srcset=\"https:\/\/www.gas-electricity-news.com\/wp-content\/uploads\/2024\/11\/Het-elektriciteitsverbruik-meten.webp 450w, https:\/\/www.gas-electricity-news.com\/wp-content\/uploads\/2024\/11\/Het-elektriciteitsverbruik-meten-300x217.webp 300w\" sizes=\"auto, (max-width: 450px) 100vw, 450px\"><\/figure>\n\n\n\n<div style=\"height:20px\" aria-hidden=\"true\" class=\"wp-block-spacer\"><\/div>\n\n\n\n<h3 class=\"wp-block-heading has-text-align-center has-text-color\" style=\"color:#323335;font-size:17px\">Het elektriciteitsverbruik meten  <\/h3>\n\n\n\n<p class=\"has-text-align-center\">Leer hoe je je elektriciteitsverbruik kunt bepalen met eenvoudige hulpmiddelen en methoden.  <\/p>\n<\/div>\n\n\n\n<div class=\"wp-block-column block2-col is-layout-flow wp-block-column-is-layout-flow\">\n<figure class=\"wp-block-image size-full\"><img loading=\"lazy\" decoding=\"async\" width=\"450\" height=\"325\" src=\"https:\/\/www.gas-electricity-news.com\/wp-content\/uploads\/2024\/11\/Kosten-voor-elektriciteitsproductie.webp\" alt=\"Kosten voor elektriciteitsproductie\" class=\"wp-image-25700\" srcset=\"https:\/\/www.gas-electricity-news.com\/wp-content\/uploads\/2024\/11\/Kosten-voor-elektriciteitsproductie.webp 450w, https:\/\/www.gas-electricity-news.com\/wp-content\/uploads\/2024\/11\/Kosten-voor-elektriciteitsproductie-300x217.webp 300w\" sizes=\"auto, (max-width: 450px) 100vw, 450px\"><\/figure>\n\n\n\n<div style=\"height:20px\" aria-hidden=\"true\" class=\"wp-block-spacer\"><\/div>\n\n\n\n<h3 class=\"wp-block-heading has-text-align-center has-text-color\" style=\"color:#323335;font-size:17px\">Kosten voor elektriciteitsproductie  <\/h3>\n\n\n\n<p class=\"has-text-align-center\">Bestudeer de factoren die de productiekosten be\u00efnvloeden, inclusief bronnen en technologie\u00ebn.  <\/p>\n<\/div>\n<\/div>\n\n\n\n<div style=\"height:100px\" aria-hidden=\"true\" class=\"wp-block-spacer\"><\/div>\n\n\n\n<div class=\"wp-block-group b3 is-layout-constrained wp-block-group-is-layout-constrained\">\n<div class=\"wp-block-columns gutter-0 space-x has-background is-layout-flex wp-container-core-columns-is-layout-9d6595d7 wp-block-columns-is-layout-flex\" style=\"background-color:#e1a709\">\n<div class=\"wp-block-column block3-col b3-col-bg is-layout-flow wp-block-column-is-layout-flow\"><\/div>\n\n\n\n<div class=\"wp-block-column block3-col is-layout-flow wp-block-column-is-layout-flow\">\n<figure class=\"wp-block-image size-full\"><img loading=\"lazy\" decoding=\"async\" width=\"52\" height=\"40\" src=\"https:\/\/www.gas-electricity-news.com\/wp-content\/uploads\/2024\/11\/Sustainable-energy-2.webp\" alt=\"Sustainable energy\" class=\"wp-image-25713\"><\/figure>\n\n\n\n<div style=\"height:20px\" aria-hidden=\"true\" class=\"wp-block-spacer\"><\/div>\n\n\n\n<h3 class=\"wp-block-heading has-text-align-left has-white-color has-text-color\" style=\"font-size:17px\">Duurzame energie<\/h3>\n\n\n\n<p class=\"has-text-align-left has-white-color has-text-color\">Duurzame energiebronnen zijn energiebronnen die zichzelf op natuurlijke wijze vernieuwen en een lage impact hebben op het milieu. Ze omvatten zonne-, wind-, waterkracht- en geothermische energie en helpen de koolstofuitstoot te verminderen en klimaatverandering tegen te gaan. <\/p>\n<\/div>\n\n\n\n<div class=\"wp-block-column block3-col is-layout-flow wp-block-column-is-layout-flow\">\n<figure class=\"wp-block-image size-full\"><img loading=\"lazy\" decoding=\"async\" width=\"52\" height=\"40\" src=\"https:\/\/www.gas-electricity-news.com\/wp-content\/uploads\/2024\/11\/Solar-and-wind-technologies-1.webp\" alt=\"Solar and wind technologies\" class=\"wp-image-25711\"><\/figure>\n\n\n\n<div style=\"height:20px\" aria-hidden=\"true\" class=\"wp-block-spacer\"><\/div>\n\n\n\n<h3 class=\"wp-block-heading has-text-align-left has-white-color has-text-color\" style=\"font-size:17px\">Zonne- en windenergie<\/h3>\n\n\n\n<p class=\"has-text-align-left has-white-color has-text-color\">Zonne- en windtechnologie\u00ebn zetten zonlicht en wind om in elektriciteit. Fotovolta\u00efsche panelen vangen zonne-energie op, terwijl windturbines de kracht van de wind benutten. Samen bieden ze effici\u00ebnte, hernieuwbare oplossingen.  <\/p>\n<\/div>\n\n\n\n<div class=\"wp-block-column block3-col is-layout-flow wp-block-column-is-layout-flow\">\n<figure class=\"wp-block-image size-full\"><img loading=\"lazy\" decoding=\"async\" width=\"52\" height=\"40\" src=\"https:\/\/www.gas-electricity-news.com\/wp-content\/uploads\/2024\/11\/Green-energy-1.webp\" alt=\"Green energy\" class=\"wp-image-25709\"><\/figure>\n\n\n\n<div style=\"height:20px\" aria-hidden=\"true\" class=\"wp-block-spacer\"><\/div>\n\n\n\n<h3 class=\"wp-block-heading has-text-align-left has-white-color has-text-color\" style=\"font-size:17px\">Groene energie<\/h3>\n\n\n\n<p class=\"has-text-align-left has-white-color has-text-color\">Groene energie verwijst naar hernieuwbare energiebronnen die het milieu zo min mogelijk belasten. Hieronder vallen zonne-, wind-, waterkracht- en biomassa-energie. Deze alternatieven ondersteunen de overgang naar een koolstofarme economie.  <\/p>\n<\/div>\n<\/div>\n<\/div>\n\n\n\n<div class=\"wp-block-group b4 has-background is-layout-constrained wp-block-group-is-layout-constrained\" style=\"background-color:#f3f3f3\">\n<div style=\"height:100px\" aria-hidden=\"true\" class=\"wp-block-spacer\"><\/div>\n\n\n\n<h2 class=\"wp-block-heading has-text-align-center container has-text-color\" style=\"color:#323335;font-size:35px\">Energie-effici\u00ebntiestrategie\u00ebn voor een duurzame toekomst<\/h2>\n\n\n\n<div style=\"height:15px\" aria-hidden=\"true\" class=\"wp-block-spacer\"><\/div>\n\n\n\n<p class=\"has-text-align-center b2-txt container\" style=\"font-size:14px\">Ontdek innovatieve, hoogwaardige energieoplossingen om duurzame ontwikkeling te ondersteunen en te realiseren. Deze ge\u00efntegreerde benaderingen zijn erop gericht om de koolstofvoetafdruk te verminderen en een betrouwbare en betaalbare energievoorziening te garanderen. <\/p>\n\n\n\n<div style=\"height:40px\" aria-hidden=\"true\" class=\"wp-block-spacer\"><\/div>\n\n\n\n<div class=\"wp-block-group alignfull container has-background is-content-justification-center is-nowrap is-layout-flex wp-container-core-group-is-layout-94bc23d7 wp-block-group-is-layout-flex\" style=\"background-color:#f3f3f3\">\n<div class=\"wp-block-group is-layout-constrained wp-block-group-is-layout-constrained\">\n<div class=\"wp-block-columns change-gap is-layout-flex wp-container-core-columns-is-layout-9d6595d7 wp-block-columns-is-layout-flex\">\n<div class=\"wp-block-column is-layout-flow wp-block-column-is-layout-flow\" style=\"flex-basis:10%\">\n<p class=\"has-text-color\" style=\"color:#e1a709;font-size:24px\">01.<\/p>\n<\/div>\n\n\n\n<div class=\"wp-block-column is-layout-flow wp-block-column-is-layout-flow\" style=\"flex-basis:90%\">\n<p class=\"has-text-align-left has-text-color\" style=\"color:#323335;font-size:17px;font-style:normal;font-weight:700\">De isolatie verbeteren  <\/p>\n\n\n\n<p class=\"has-text-align-left\">Een betere isolatie helpt warmteverlies tot een minimum te beperken voor energiecomfort.<\/p>\n<\/div>\n<\/div>\n\n\n\n<div class=\"wp-block-columns change-gap is-layout-flex wp-container-core-columns-is-layout-9d6595d7 wp-block-columns-is-layout-flex\">\n<div class=\"wp-block-column is-layout-flow wp-block-column-is-layout-flow\" style=\"flex-basis:10%\">\n<p class=\"has-text-color\" style=\"color:#e1a709;font-size:24px\">02.<\/p>\n<\/div>\n\n\n\n<div class=\"wp-block-column is-layout-flow wp-block-column-is-layout-flow\" style=\"flex-basis:90%\">\n<p class=\"has-text-align-left has-text-color\" style=\"color:#323335;font-size:17px;font-style:normal;font-weight:700\">Effici\u00ebnte apparaten<\/p>\n\n\n\n<p class=\"has-text-align-left\">Effici\u00ebnte apparaten verlagen het energieverbruik terwijl ze toch goed blijven presteren.<\/p>\n<\/div>\n<\/div>\n\n\n\n<div class=\"wp-block-columns change-gap is-layout-flex wp-container-core-columns-is-layout-9d6595d7 wp-block-columns-is-layout-flex\">\n<div class=\"wp-block-column is-layout-flow wp-block-column-is-layout-flow\" style=\"flex-basis:10%\">\n<p class=\"has-text-color\" style=\"color:#e1a709;font-size:24px\">03.<\/p>\n<\/div>\n\n\n\n<div class=\"wp-block-column is-layout-flow wp-block-column-is-layout-flow\" style=\"flex-basis:90%\">\n<p class=\"has-text-align-left has-text-color\" style=\"color:#323335;font-size:17px;font-style:normal;font-weight:700\">Installatie van verwarmings- en koelsystemen<\/p>\n\n\n\n<p class=\"has-text-align-left\">Moderne verwarmings- en koelsystemen zorgen voor een aangenaam en zuinig binnenklimaat.<\/p>\n<\/div>\n<\/div>\n<\/div>\n\n\n\n<figure class=\"wp-block-image size-full is-resized\"><img loading=\"lazy\" decoding=\"async\" width=\"298\" height=\"432\" src=\"https:\/\/www.gas-electricity-news.com\/wp-content\/uploads\/2024\/11\/Energie-efficientiestrategieen-voor-een-duurzame-toekomst.webp\" alt=\"Energie-effici\u00ebntiestrategie\u00ebn voor een duurzame toekomst\" class=\"wp-image-25690\" style=\"aspect-ratio:0.7870370370370371;width:447px;height:auto\" srcset=\"https:\/\/www.gas-electricity-news.com\/wp-content\/uploads\/2024\/11\/Energie-efficientiestrategieen-voor-een-duurzame-toekomst.webp 298w, https:\/\/www.gas-electricity-news.com\/wp-content\/uploads\/2024\/11\/Energie-efficientiestrategieen-voor-een-duurzame-toekomst-207x300.webp 207w\" sizes=\"auto, (max-width: 298px) 100vw, 298px\"><\/figure>\n\n\n\n<div class=\"wp-block-group is-layout-constrained wp-block-group-is-layout-constrained\">\n<div class=\"wp-block-columns change-gap is-layout-flex wp-container-core-columns-is-layout-9d6595d7 wp-block-columns-is-layout-flex\">\n<div class=\"wp-block-column is-layout-flow wp-block-column-is-layout-flow\" style=\"flex-basis:10%\">\n<p class=\"has-text-color\" style=\"color:#e1a709;font-size:24px\">04.<\/p>\n<\/div>\n\n\n\n<div class=\"wp-block-column is-layout-flow wp-block-column-is-layout-flow\" style=\"flex-basis:90%\">\n<p class=\"has-text-align-left has-text-color\" style=\"color:#323335;font-size:17px;font-style:normal;font-weight:700\">LED-verlichting<\/p>\n\n\n\n<p class=\"has-text-align-left\">LED-verlichting verbruikt minder energie en heeft een langere levensduur, waardoor het een duurzame oplossing is.<\/p>\n<\/div>\n<\/div>\n\n\n\n<div class=\"wp-block-columns change-gap is-layout-flex wp-container-core-columns-is-layout-9d6595d7 wp-block-columns-is-layout-flex\">\n<div class=\"wp-block-column is-layout-flow wp-block-column-is-layout-flow\" style=\"flex-basis:10%\">\n<p class=\"has-text-color\" style=\"color:#e1a709;font-size:24px\">05.<\/p>\n<\/div>\n\n\n\n<div class=\"wp-block-column is-layout-flow wp-block-column-is-layout-flow\" style=\"flex-basis:90%\">\n<p class=\"has-text-align-left has-text-color\" style=\"color:#323335;font-size:17px;font-style:normal;font-weight:700\">Energiebeheersystemen optimaliseren<\/p>\n\n\n\n<p class=\"has-text-align-left\">Het verbeteren van energiebeheersystemen optimaliseert het verbruik en verhoogt de algehele effici\u00ebntie.<\/p>\n<\/div>\n<\/div>\n\n\n\n<div class=\"wp-block-columns change-gap is-layout-flex wp-container-core-columns-is-layout-9d6595d7 wp-block-columns-is-layout-flex\">\n<div class=\"wp-block-column is-layout-flow wp-block-column-is-layout-flow\" style=\"flex-basis:10%\">\n<p class=\"has-text-color\" style=\"color:#e1a709;font-size:24px\">06.<\/p>\n<\/div>\n\n\n\n<div class=\"wp-block-column is-layout-flow wp-block-column-is-layout-flow\" style=\"flex-basis:90%\">\n<p class=\"has-text-align-left has-text-color\" style=\"color:#323335;font-size:17px;font-style:normal;font-weight:700\">Hernieuwbare energie bevorderen<\/p>\n\n\n\n<p class=\"has-text-align-left\">Het aanmoedigen van het gebruik van hernieuwbare energie helpt de koolstofuitstoot te verminderen en de planeet te beschermen.<\/p>\n<\/div>\n<\/div>\n<\/div>\n<\/div>\n\n\n\n<div style=\"height:100px;width:0px\" aria-hidden=\"true\" class=\"wp-block-spacer\"><\/div>\n<\/div>\n\n\n\n<div class=\"wp-block-columns alignfull are-vertically-aligned-center b5 gutter-0 space-x is-layout-flex wp-container-core-columns-is-layout-9d6595d7 wp-block-columns-is-layout-flex\">\n<div class=\"wp-block-column is-vertically-aligned-center b5-col1 is-layout-flow wp-block-column-is-layout-flow\"><\/div>\n\n\n\n<div class=\"wp-block-column is-vertically-aligned-center b5-col2 is-layout-flow wp-block-column-is-layout-flow\">\n<h2 class=\"wp-block-heading has-text-align-left has-white-color has-text-color\" style=\"font-size:35px\">Hoe kies je het voordeligste energiecontract voor je bedrijf?<\/h2>\n\n\n\n<p>Het kiezen van het voordeligste energiecontract voor een bedrijf vereist een grondige analyse van de specifieke behoeften. Het is essentieel om aanbiedingen te vergelijken, rekening houdend met de prijs per kWh, abonnementskosten en opzeggingsprocedures. <\/p>\n\n\n\n<p>Contracten met een vaste prijs bieden stabiliteit, terwijl contracten met een ge\u00efndexeerde prijs kunnen vari\u00ebren afhankelijk van de markt. Het evalueren van de kwaliteit van de klantenservice en de mogelijkheid om te kiezen voor hernieuwbare energie blijft een must. Bezoek <a href=\"https:\/\/totalenergies.be\/nl\/professioneel\" target=\"_blank\" rel=\" \">totalenergies.be<\/a> om de voordeligste contracten voor verschillende soorten bedrijven te ontdekken.  <\/p>\n<\/div>\n<\/div>\n\n\n\n<div class=\"wp-block-cover alignfull has-parallax b6 space-x\"><span aria-hidden=\"true\" class=\"wp-block-cover__background has-background-dim-0 has-background-dim\" style=\"background-color:#1a1816\"><\/span><div role=\"img\" aria-label=\"Factoren die de elektriciteitsprijzen be\u00efnvloeden\" class=\"wp-block-cover__image-background wp-image-25692 has-parallax\" style=\"background-position:50% 50%;background-image:url(https:\/\/www.gas-electricity-news.com\/wp-content\/uploads\/2024\/11\/Factoren-die-de-elektriciteitsprijzen-beinvloeden.webp)\"><\/div><div class=\"wp-block-cover__inner-container is-layout-constrained wp-block-cover-is-layout-constrained\">\n<div class=\"wp-block-group container is-vertical is-content-justification-center is-layout-flex wp-container-core-group-is-layout-4b2eccd6 wp-block-group-is-layout-flex\">\n<h2 class=\"wp-block-heading has-text-align-center container has-white-color has-text-color\" style=\"font-size:35px\">Factoren die de elektriciteitsprijzen be\u00efnvloeden<\/h2>\n\n\n\n<div style=\"height:0px\" aria-hidden=\"true\" class=\"wp-block-spacer wp-container-content-62aae154\"><\/div>\n\n\n\n<p class=\"has-text-align-center container\">De aanhoudende stijging van de elektriciteitstarieven is te wijten aan verschillende factoren. Het economische herstel na Covid-19, stijgende marktprijzen en geopolitieke spanningen be\u00efnvloeden deze trend. Daarnaast hebben ook de beschikbaarheid van voorraden, transportkosten en belastingen en heffingen een invloed op de prijzen en het budget van klanten.  <\/p>\n<\/div>\n<\/div><\/div>\n\n\n\n<div class=\"wp-block-group b7 has-background is-layout-constrained wp-block-group-is-layout-constrained\" style=\"background-color:#f3f3f3\">\n<div style=\"height:100px\" aria-hidden=\"true\" class=\"wp-block-spacer\"><\/div>\n\n\n\n<h2 class=\"wp-block-heading has-text-align-center container has-text-color\" style=\"color:#323335;font-size:35px\">Inzicht in de verschillende soorten gas voor uw verbruik<\/h2>\n\n\n\n<div style=\"height:15px\" aria-hidden=\"true\" class=\"wp-block-spacer\"><\/div>\n\n\n\n<p class=\"has-text-align-center b2-txt container\" style=\"font-size:14px\">Ontdek de verschillende soorten gas die beschikbaar zijn om het energieverbruik te optimaliseren. Als u hun kenmerken en toepassingen begrijpt, kunt u weloverwogen beslissingen nemen en zowel effici\u00ebntie als duurzaamheid bevorderen. <\/p>\n\n\n\n<div style=\"height:40px\" aria-hidden=\"true\" class=\"wp-block-spacer\"><\/div>\n\n\n\n<div class=\"wp-block-columns container is-layout-flex wp-container-core-columns-is-layout-9d6595d7 wp-block-columns-is-layout-flex\">\n<div class=\"wp-block-column b7-col has-white-background-color has-background is-layout-flow wp-block-column-is-layout-flow\">\n<div class=\"wp-block-cover is-light\" style=\"min-height:430px;aspect-ratio:unset;\"><span aria-hidden=\"true\" class=\"wp-block-cover__background has-background-dim-70 has-background-dim\" style=\"background-color:#e1a709\"><\/span><img loading=\"lazy\" decoding=\"async\" width=\"600\" height=\"600\" class=\"wp-block-cover__image-background wp-image-25682\" alt=\"Aardgas\" src=\"https:\/\/www.gas-electricity-news.com\/wp-content\/uploads\/2024\/11\/Aardgas.webp\" data-object-fit=\"cover\" srcset=\"https:\/\/www.gas-electricity-news.com\/wp-content\/uploads\/2024\/11\/Aardgas.webp 600w, https:\/\/www.gas-electricity-news.com\/wp-content\/uploads\/2024\/11\/Aardgas-300x300.webp 300w, https:\/\/www.gas-electricity-news.com\/wp-content\/uploads\/2024\/11\/Aardgas-150x150.webp 150w\" sizes=\"auto, (max-width: 600px) 100vw, 600px\"><div class=\"wp-block-cover__inner-container is-layout-constrained wp-block-cover-is-layout-constrained\">\n<h3 class=\"wp-block-heading has-text-align-center has-white-color has-text-color\" style=\"font-size:20px\">Aardgas<\/h3>\n\n\n\n<div style=\"height:20px\" aria-hidden=\"true\" class=\"wp-block-spacer\"><\/div>\n\n\n\n<p class=\"has-text-align-center has-white-color has-text-color\">Aardgas is een fossiele energiebron die minder vervuilend is dan steenkool en wordt gebruikt voor verwarming, elektriciteitsproductie en als brandstof.<\/p>\n<\/div><\/div>\n<\/div>\n\n\n\n<div class=\"wp-block-column b7-col has-white-background-color has-background is-layout-flow wp-block-column-is-layout-flow\">\n<div class=\"wp-block-cover is-light\" style=\"min-height:430px;aspect-ratio:unset;\"><span aria-hidden=\"true\" class=\"wp-block-cover__background has-background-dim-70 has-background-dim\" style=\"background-color:#e1a709\"><\/span><img loading=\"lazy\" decoding=\"async\" width=\"600\" height=\"600\" class=\"wp-block-cover__image-background wp-image-25704\" alt=\"Propaan\" src=\"https:\/\/www.gas-electricity-news.com\/wp-content\/uploads\/2024\/11\/Propaan.webp\" data-object-fit=\"cover\" srcset=\"https:\/\/www.gas-electricity-news.com\/wp-content\/uploads\/2024\/11\/Propaan.webp 600w, https:\/\/www.gas-electricity-news.com\/wp-content\/uploads\/2024\/11\/Propaan-300x300.webp 300w, https:\/\/www.gas-electricity-news.com\/wp-content\/uploads\/2024\/11\/Propaan-150x150.webp 150w\" sizes=\"auto, (max-width: 600px) 100vw, 600px\"><div class=\"wp-block-cover__inner-container is-layout-constrained wp-block-cover-is-layout-constrained\">\n<h3 class=\"wp-block-heading has-text-align-center has-white-color has-text-color\" style=\"font-size:20px\">Propaan<\/h3>\n\n\n\n<div style=\"height:20px\" aria-hidden=\"true\" class=\"wp-block-spacer\"><\/div>\n\n\n\n<p class=\"has-text-align-center has-white-color has-text-color\">Propaan is een lichte koolwaterstof die vaak wordt gebruikt voor verwarming en koken. Het is gemakkelijk te vervoeren en is een alternatief voor fossiele brandstoffen. <\/p>\n<\/div><\/div>\n<\/div>\n\n\n\n<div class=\"wp-block-column b7-col has-white-background-color has-background is-layout-flow wp-block-column-is-layout-flow\">\n<div class=\"wp-block-cover is-light\" style=\"min-height:430px;aspect-ratio:unset;\"><span aria-hidden=\"true\" class=\"wp-block-cover__background has-background-dim-70 has-background-dim\" style=\"background-color:#e1a709\"><\/span><img loading=\"lazy\" decoding=\"async\" width=\"600\" height=\"600\" class=\"wp-block-cover__image-background wp-image-25684\" alt=\"Butaan\" src=\"https:\/\/www.gas-electricity-news.com\/wp-content\/uploads\/2024\/11\/Butaan.webp\" data-object-fit=\"cover\" srcset=\"https:\/\/www.gas-electricity-news.com\/wp-content\/uploads\/2024\/11\/Butaan.webp 600w, https:\/\/www.gas-electricity-news.com\/wp-content\/uploads\/2024\/11\/Butaan-300x300.webp 300w, https:\/\/www.gas-electricity-news.com\/wp-content\/uploads\/2024\/11\/Butaan-150x150.webp 150w\" sizes=\"auto, (max-width: 600px) 100vw, 600px\"><div class=\"wp-block-cover__inner-container is-layout-constrained wp-block-cover-is-layout-constrained\">\n<h3 class=\"wp-block-heading has-text-align-center has-white-color has-text-color\" style=\"font-size:20px\">Butaan<\/h3>\n\n\n\n<div style=\"height:20px\" aria-hidden=\"true\" class=\"wp-block-spacer\"><\/div>\n\n\n\n<p class=\"has-text-align-center has-white-color has-text-color\">Butaan, een gas in normale toestand, wordt gebruikt in aanstekers en draagbare kachels. Het wordt ook gebruikt als grondstof in de chemische industrie. <\/p>\n<\/div><\/div>\n<\/div>\n<\/div>\n\n\n\n<div style=\"height:100px;width:0px\" aria-hidden=\"true\" class=\"wp-block-spacer\"><\/div>\n<\/div>\n","protected":false},"excerpt":{"rendered":"<p>De grondbeginselen van elektriciteit: essenti\u00eble concepten Verken de fundamentele principes van groene elektriciteit, waaronder hernieuwbare bronnen, energie-effici\u00ebntie en duurzaamheid, die de manier veranderen waarop we energie produceren en verbruiken voor een groenere toekomst. Soorten elektriciteit Ontdek de verschillende vormen van&#8230;<\/p>\n","protected":false},"author":4,"featured_media":0,"parent":0,"menu_order":0,"comment_status":"closed","ping_status":"closed","template":"","meta":{"footnotes":""},"class_list":["post-25624","page","type-page","status-publish","hentry"],"_links":{"self":[{"href":"https:\/\/www.gas-electricity-news.com\/nl\/wp-json\/wp\/v2\/pages\/25624","targetHints":{"allow":["GET"]}}],"collection":[{"href":"https:\/\/www.gas-electricity-news.com\/nl\/wp-json\/wp\/v2\/pages"}],"about":[{"href":"https:\/\/www.gas-electricity-news.com\/nl\/wp-json\/wp\/v2\/types\/page"}],"author":[{"embeddable":true,"href":"https:\/\/www.gas-electricity-news.com\/nl\/wp-json\/wp\/v2\/users\/4"}],"replies":[{"embeddable":true,"href":"https:\/\/www.gas-electricity-news.com\/nl\/wp-json\/wp\/v2\/comments?post=25624"}],"version-history":[{"count":8,"href":"https:\/\/www.gas-electricity-news.com\/nl\/wp-json\/wp\/v2\/pages\/25624\/revisions"}],"predecessor-version":[{"id":25715,"href":"https:\/\/www.gas-electricity-news.com\/nl\/wp-json\/wp\/v2\/pages\/25624\/revisions\/25715"}],"wp:attachment":[{"href":"https:\/\/www.gas-electricity-news.com\/nl\/wp-json\/wp\/v2\/media?parent=25624"}],"curies":[{"name":"wp","href":"https:\/\/api.w.org\/{rel}","templated":true}]}}